{"id":1548,"date":"2022-07-29T06:35:34","date_gmt":"2022-07-29T06:35:34","guid":{"rendered":"https:\/\/www.casahiralal.com\/transparency\/"},"modified":"2022-10-28T12:18:51","modified_gmt":"2022-10-28T12:18:51","slug":"transparency","status":"publish","type":"page","link":"https:\/\/www.casahiralal.com\/pt-pt\/transparency\/","title":{"rendered":"Transpar\u00eancia"},"content":{"rendered":"<style id=\"kb-rowlayout_7a0f4c-46\">#kt-layout-id_7a0f4c-46{margin-top:0px;margin-bottom:0px;background-image:url('https:\/\/www.casahiralal.com\/wp-content\/uploads\/2022\/08\/francesca-beach-1.png');background-size:cover;background-position:50% 50%;background-attachment:scroll;background-repeat:no-repeat;}.kt-layout-id_7a0f4c-46, .kt-layout-id_7a0f4c-46 h1, .kt-layout-id_7a0f4c-46 h2, .kt-layout-id_7a0f4c-46 h3, .kt-layout-id_7a0f4c-46 h4, .kt-layout-id_7a0f4c-46 h5, .kt-layout-id_7a0f4c-46 h6{color:#ffffff;}#kt-layout-id_7a0f4c-46 .kt-row-layout-bottom-sep{height:147px;}#kt-layout-id_7a0f4c-46 .kt-row-layout-bottom-sep svg{width:144%;}#kt-layout-id_7a0f4c-46 > .kt-row-column-wrap{padding-top:0px;padding-bottom:0px;padding-left:0px;padding-right:0px;min-height:320px;}#kt-layout-id_7a0f4c-46 > .kt-row-layout-overlay{opacity:0.50;background-color:#000000;}<\/style>\n<div class=\"wp-block-kadence-rowlayout alignfull banner-inner-section\"><div id=\"kt-layout-id_7a0f4c-46\" class=\"kt-row-layout-inner kt-row-has-bg kt-layout-id_7a0f4c-46\"><div class=\"kt-row-layout-overlay kt-row-overlay-normal\"><\/div><div class=\"kt-row-column-wrap kt-has-1-columns kt-gutter-default kt-v-gutter-default kt-row-valign-middle kt-row-layout-equal kt-tab-layout-inherit kt-m-colapse-left-to-right kt-mobile-layout-row kb-theme-content-width\"><style id=\"kb-column_7df107-06\">.kadence-column_7df107-06 > .kt-inside-inner-col{display:flex;flex-direction:row;flex-wrap:wrap;align-items:center;justify-content:center;gap:0px;}.kadence-column_7df107-06 > .kt-inside-inner-col > *, .kadence-column_7df107-06 > .kt-inside-inner-col > figure.wp-block-image, .kadence-column_7df107-06 > .kt-inside-inner-col > figure.wp-block-kadence-image{margin-top:0px;margin-bottom:0px;}.kadence-column_7df107-06{text-align:center;}<\/style>\n<div class=\"wp-block-kadence-column inner-column-1 kadence-column_7df107-06 kb-section-dir-horizontal\"><div class=\"kt-inside-inner-col\">\n<h2 class=\"wp-block-heading\">Transpar\u00eancia<\/h2>\n<\/div><\/div>\n<\/div><div class=\"kt-row-layout-bottom-sep kt-row-sep-type-crvi\"><svg style=\"fill:#ffffff\" viewBox=\"0 0 1000 100\" preserveAspectRatio=\"none\"><path d=\"M1000,0c0,0 -270.987,98 -500,98c-229.013,0 -500,-98 -500,-98l0,100l1000,0l0,-100Z\"><\/path><\/svg><\/div><\/div><\/div>\n\n\n<style id=\"kb-rowlayout_f200ce-84\">#kt-layout-id_f200ce-84 > .kt-row-column-wrap{padding-top:0px;padding-bottom:0px;}<\/style>\n<div class=\"wp-block-kadence-rowlayout alignnone banner-scroll-icon\"><div id=\"kt-layout-id_f200ce-84\" class=\"kt-row-layout-inner kt-layout-id_f200ce-84\"><div class=\"kt-row-column-wrap kt-has-1-columns kt-gutter-default kt-v-gutter-default kt-row-valign-top kt-row-layout-equal kt-tab-layout-inherit kt-m-colapse-left-to-right kt-mobile-layout-row\">\n<div class=\"wp-block-kadence-column inner-column-1 kadence-column_518551-53\"><div class=\"kt-inside-inner-col\">\n<div class=\"wp-block-kadence-icon kt-svg-icons kt-svg-icons_ecf7dc-b5 alignnone\" style=\"text-align:center\"><div class=\"kt-svg-style-default kt-svg-icon-wrap kt-svg-item-0\"><a href=\"#next-section\" class=\"kt-svg-icon-link\"><div style=\"display:inline-flex;justify-content:center;align-items:center;color:#1f92c8\" class=\"kt-svg-icon kt-svg-icon-fas_caret-down\"><svg style=\"display:inline-block;vertical-align:middle\" viewBox=\"0 0 320 512\" height=\"30\" width=\"30\" fill=\"currentColor\" xmlns=\"http:\/\/www.w3.org\/2000\/svg\" aria-hidden=\"true\"><path d=\"M31.3 192h257.3c17.8 0 26.7 21.5 14.1 34.1L174.1 354.8c-7.8 7.8-20.5 7.8-28.3 0L17.2 226.1C4.6 213.5 13.5 192 31.3 192z\"><\/path><\/svg><\/div><\/a><\/div><\/div>\n<\/div><\/div>\n<\/div><\/div><\/div>\n\n\n<style id=\"kb-rowlayout_8e7745-34\">#kt-layout-id_8e7745-34 > .kt-row-column-wrap{padding-top:70px;}<\/style>\n<div class=\"wp-block-kadence-rowlayout alignnone transparencia-heading\"><div id=\"kt-layout-id_8e7745-34\" class=\"kt-row-layout-inner kt-layout-id_8e7745-34\"><div class=\"kt-row-column-wrap kt-has-1-columns kt-gutter-default kt-v-gutter-default kt-row-valign-top kt-row-layout-equal kt-tab-layout-inherit kt-m-colapse-left-to-right kt-mobile-layout-row\">\n<div class=\"wp-block-kadence-column inner-column-1 kadence-column_9ff4e8-bc\"><div class=\"kt-inside-inner-col\">\n<h2 class=\"has-text-align-center heading-effact center wp-block-heading\" id=\"next-section\">Portal da Transpar\u00eancia<\/h2>\n\n\n\n<div style=\"height:10px\" aria-hidden=\"true\" class=\"wp-block-spacer\"><\/div>\n\n\n\n<p class=\"has-text-align-center\">Este portal foi criado seguindo as instru\u00e7\u00f5es do Comiss\u00e1rio de Transpar\u00eancia do Governo das Ilhas Can\u00e1rias e em conformidade com a Lei 12\/2014, de 26 de dezembro, sobre transpar\u00eancia e acesso \u00e0 informa\u00e7\u00e3o p\u00fablica, do Governo das Ilhas Can\u00e1rias.<\/p>\n<\/div><\/div>\n<\/div><\/div><\/div>\n\n\n<style id=\"kb-rowlayout_8c29df-25\">#kt-layout-id_8c29df-25 > .kt-row-column-wrap{padding-top:40px;padding-bottom:50px;}<\/style>\n<div class=\"wp-block-kadence-rowlayout alignnone transparencia-section\"><div id=\"kt-layout-id_8c29df-25\" class=\"kt-row-layout-inner kt-layout-id_8c29df-25\"><div class=\"kt-row-column-wrap kt-has-1-columns kt-gutter-default kt-v-gutter-default kt-row-valign-top kt-row-layout-equal kt-tab-layout-inherit kt-m-colapse-left-to-right kt-mobile-layout-row\"><style id=\"kb-column_c399e2-cb\">.kadence-column_c399e2-cb > .kt-inside-inner-col{justify-content:center;flex-direction:column;display:flex;}.kadence-column_c399e2-cb > .kt-inside-inner-col > .aligncenter{width:100%;}.kt-row-column-wrap > .kadence-column_c399e2-cb{align-self:center;}.kt-inner-column-height-full:not(.kt-has-1-columns) > .wp-block-kadence-column.kadence-column_c399e2-cb{align-self:auto;}.kt-inner-column-height-full:not(.kt-has-1-columns) > .wp-block-kadence-column.kadence-column_c399e2-cb > .kt-inside-inner-col{display:flex;flex-direction:column;justify-content:center;}<\/style>\n<div class=\"wp-block-kadence-column inner-column-1 kadence-column_c399e2-cb\"><div class=\"kt-inside-inner-col\">\n\t\t\t<div class=\"wp-block-uagb-post-grid uagb-post-grid  uagb-post__image-position-top uagb-post__image-enabled uagb-block-2617e88e    uagb-post__items uagb-post__columns-3 is-grid uagb-post__columns-tablet-2 uagb-post__columns-mobile-1\" data-total=\"1\">\n\n\t\t\t\t\t\t\t\t\t\t\t\t<article class=uagb-post__inner-wrap>\n\t\t\t\t\t\t\t\t<div class='uagb-post__image'>\n\t\t\t\t\t\t\t\t\t<a href=\"https:\/\/www.casahiralal.com\/pt-pt\/transparencia_pt\/subsidios-e-subsidios\/\" target=\"_self\" rel=\"bookmark noopener noreferrer\"><img loading=\"lazy\" decoding=\"async\" width=\"120\" height=\"128\" src=\"https:\/\/www.casahiralal.com\/wp-content\/uploads\/2022\/08\/Ayudas-y-subvenciones.svg\" class=\"attachment-full size-full\" alt=\"\" \/>\t\t\t\t\t<\/a>\n\t\t\t\t\t\t\t<\/div>\n\t\t\t\t\t\t<h4 class=\"uagb-post__title uagb-post__text\">\n\t\t\t\t<a href=\"https:\/\/www.casahiralal.com\/pt-pt\/transparencia_pt\/subsidios-e-subsidios\/\" target=\"_self\" rel=\"bookmark noopener noreferrer\">Subs\u00eddios e subs\u00eddios<\/a>\n\t\t\t<\/h4>\n\t\t\t\t\t\t<div class='uagb-post__text uagb-post-grid-byline'>\n\t\t\t\t\t\t\t<\/div>\n\t\t\t\t\t\t\t\t\t\t\t\t<\/article>\n\t\t\t\t\t\t\t\t\t\t\t\t\t\t\t\t<article class=uagb-post__inner-wrap>\n\t\t\t\t\t\t\t\t<div class='uagb-post__image'>\n\t\t\t\t\t\t\t\t\t<a href=\"https:\/\/www.casahiralal.com\/pt-pt\/transparencia_pt\/contratos-de-gestao-e-atribuicoes\/\" target=\"_self\" rel=\"bookmark noopener noreferrer\"><img loading=\"lazy\" decoding=\"async\" width=\"120\" height=\"128\" src=\"https:\/\/www.casahiralal.com\/wp-content\/uploads\/2022\/08\/Convenios-y-encomiendas.svg\" class=\"attachment-full size-full\" alt=\"\" \/>\t\t\t\t\t<\/a>\n\t\t\t\t\t\t\t<\/div>\n\t\t\t\t\t\t<h4 class=\"uagb-post__title uagb-post__text\">\n\t\t\t\t<a href=\"https:\/\/www.casahiralal.com\/pt-pt\/transparencia_pt\/contratos-de-gestao-e-atribuicoes\/\" target=\"_self\" rel=\"bookmark noopener noreferrer\">Contratos de gest\u00e3o e atribui\u00e7\u00f5es<\/a>\n\t\t\t<\/h4>\n\t\t\t\t\t\t<div class='uagb-post__text uagb-post-grid-byline'>\n\t\t\t\t\t\t\t<\/div>\n\t\t\t\t\t\t\t\t\t\t\t\t<\/article>\n\t\t\t\t\t\t\t\t\t\t\t\t\t\t\t\t<article class=uagb-post__inner-wrap>\n\t\t\t\t\t\t\t\t<div class='uagb-post__image'>\n\t\t\t\t\t\t\t\t\t<a href=\"https:\/\/www.casahiralal.com\/pt-pt\/transparencia_pt\/informacoes-do-contrato\/\" target=\"_self\" rel=\"bookmark noopener noreferrer\"><img loading=\"lazy\" decoding=\"async\" width=\"120\" height=\"128\" src=\"https:\/\/www.casahiralal.com\/wp-content\/uploads\/2022\/08\/Informacion-de-los.svg\" class=\"attachment-full size-full\" alt=\"\" \/>\t\t\t\t\t<\/a>\n\t\t\t\t\t\t\t<\/div>\n\t\t\t\t\t\t<h4 class=\"uagb-post__title uagb-post__text\">\n\t\t\t\t<a href=\"https:\/\/www.casahiralal.com\/pt-pt\/transparencia_pt\/informacoes-do-contrato\/\" target=\"_self\" rel=\"bookmark noopener noreferrer\">informa\u00e7\u00e3o sobre o contrato<\/a>\n\t\t\t<\/h4>\n\t\t\t\t\t\t<div class='uagb-post__text uagb-post-grid-byline'>\n\t\t\t\t\t\t\t<\/div>\n\t\t\t\t\t\t\t\t\t\t\t\t<\/article>\n\t\t\t\t\t\t\t\t\t\t\t\t\t\t\t\t<article class=uagb-post__inner-wrap>\n\t\t\t\t\t\t\t\t<div class='uagb-post__image'>\n\t\t\t\t\t\t\t\t\t<a href=\"https:\/\/www.casahiralal.com\/pt-pt\/transparencia_pt\/informacao-economica-e-financeira\/\" target=\"_self\" rel=\"bookmark noopener noreferrer\"><img loading=\"lazy\" decoding=\"async\" width=\"120\" height=\"128\" src=\"https:\/\/www.casahiralal.com\/wp-content\/uploads\/2022\/08\/Informacion-economico-.svg\" class=\"attachment-full size-full\" alt=\"\" \/>\t\t\t\t\t<\/a>\n\t\t\t\t\t\t\t<\/div>\n\t\t\t\t\t\t<h4 class=\"uagb-post__title uagb-post__text\">\n\t\t\t\t<a href=\"https:\/\/www.casahiralal.com\/pt-pt\/transparencia_pt\/informacao-economica-e-financeira\/\" target=\"_self\" rel=\"bookmark noopener noreferrer\">Informa\u00e7\u00e3o econ\u00f3mica e financeira<\/a>\n\t\t\t<\/h4>\n\t\t\t\t\t\t<div class='uagb-post__text uagb-post-grid-byline'>\n\t\t\t\t\t\t\t<\/div>\n\t\t\t\t\t\t\t\t\t\t\t\t<\/article>\n\t\t\t\t\t\t\t\t\t\t\t\t\t\t\t\t<article class=uagb-post__inner-wrap>\n\t\t\t\t\t\t\t\t<div class='uagb-post__image'>\n\t\t\t\t\t\t\t\t\t<a href=\"https:\/\/www.casahiralal.com\/pt-pt\/transparencia_pt\/informacoes-organizacionais\/\" target=\"_self\" rel=\"bookmark noopener noreferrer\"><img loading=\"lazy\" decoding=\"async\" width=\"120\" height=\"128\" src=\"https:\/\/www.casahiralal.com\/wp-content\/uploads\/2022\/08\/Informacion-en-materia.svg\" class=\"attachment-full size-full\" alt=\"\" \/>\t\t\t\t\t<\/a>\n\t\t\t\t\t\t\t<\/div>\n\t\t\t\t\t\t<h4 class=\"uagb-post__title uagb-post__text\">\n\t\t\t\t<a href=\"https:\/\/www.casahiralal.com\/pt-pt\/transparencia_pt\/informacoes-organizacionais\/\" target=\"_self\" rel=\"bookmark noopener noreferrer\">Informaci\u00f3n organizativa<\/a>\n\t\t\t<\/h4>\n\t\t\t\t\t\t<div class='uagb-post__text uagb-post-grid-byline'>\n\t\t\t\t\t\t\t<\/div>\n\t\t\t\t\t\t\t\t\t\t\t\t<\/article>\n\t\t\t\t\t\t\t\t\t\t\t\t\t\t\t\t<article class=uagb-post__inner-wrap>\n\t\t\t\t\t\t\t\t<div class='uagb-post__image'>\n\t\t\t\t\t\t\t\t\t<a href=\"https:\/\/www.casahiralal.com\/pt-pt\/transparencia_pt\/informacao-institucional\/\" target=\"_self\" rel=\"bookmark noopener noreferrer\"><img loading=\"lazy\" decoding=\"async\" width=\"120\" height=\"128\" src=\"https:\/\/www.casahiralal.com\/wp-content\/uploads\/2022\/08\/Informacion-institucional.svg\" class=\"attachment-full size-full\" alt=\"\" \/>\t\t\t\t\t<\/a>\n\t\t\t\t\t\t\t<\/div>\n\t\t\t\t\t\t<h4 class=\"uagb-post__title uagb-post__text\">\n\t\t\t\t<a href=\"https:\/\/www.casahiralal.com\/pt-pt\/transparencia_pt\/informacao-institucional\/\" target=\"_self\" rel=\"bookmark noopener noreferrer\">informa\u00e7\u00e3o institucional<\/a>\n\t\t\t<\/h4>\n\t\t\t\t\t\t<div class='uagb-post__text uagb-post-grid-byline'>\n\t\t\t\t\t\t\t<\/div>\n\t\t\t\t\t\t\t\t\t\t\t\t<\/article>\n\t\t\t\t\t\t\t\t\t\t\t<\/div>\n\t\t\t<\/div><\/div>\n<\/div><\/div><\/div>\n\n\n<style id=\"kb-rowlayout_985c40-91\">#kt-layout-id_985c40-91{margin-bottom:150px;}#kt-layout-id_985c40-91 > .kt-row-column-wrap{padding-bottom:0px;}<\/style>\n<div class=\"wp-block-kadence-rowlayout alignnone informes-pdflinks\"><div id=\"kt-layout-id_985c40-91\" class=\"kt-row-layout-inner kt-layout-id_985c40-91\"><div class=\"kt-row-column-wrap kt-has-1-columns kt-gutter-default kt-v-gutter-default kt-row-valign-top kt-row-layout-equal kt-tab-layout-inherit kt-m-colapse-left-to-right kt-mobile-layout-row\">\n<div class=\"wp-block-kadence-column inner-column-1 kadence-column_09faf0-e9\"><div class=\"kt-inside-inner-col\">\n<h2 class=\"has-text-align-center heading-effact center wp-block-heading\" id=\"next-section\">Informes de resultados<\/h2>\n\n\n\n<div class=\"wp-block-uagb-advanced-heading uagb-block-ac782f43\"><h4 class=\"uagb-heading-text\">Informes de resultados<\/h4><\/div>\n\n\n\n<p><a href=\"https:\/\/www.casahiralal.com\/wp-content\/uploads\/2022\/10\/Informe-provisional-2021.pdf\" target=\"_blank\" rel=\"noreferrer noopener\">Informe provisional 2021<\/a><\/p>\n\n\n\n<p><a href=\"https:\/\/www.casahiralal.com\/wp-content\/uploads\/2022\/10\/Informe-resumen-provisional-2021.pdf\" target=\"_blank\" rel=\"noreferrer noopener\">Informe resumen provisional 2021<\/a><\/p>\n<\/div><\/div>\n<\/div><\/div><\/div>\n","protected":false},"excerpt":{"rendered":"<p>Transpar\u00eancia Portal da Transpar\u00eancia Este portal foi criado seguindo as instru\u00e7\u00f5es do Comiss\u00e1rio de Transpar\u00eancia do Governo das Ilhas Can\u00e1rias e em conformidade com a Lei 12\/2014, de 26 de dezembro, sobre transpar\u00eancia e acesso \u00e0 informa\u00e7\u00e3o p\u00fablica, do Governo das Ilhas Can\u00e1rias. Informes de resultados Informe provisional 2021 Informe resumen provisional 2021<\/p>\n","protected":false},"author":1,"featured_media":0,"parent":0,"menu_order":0,"comment_status":"closed","ping_status":"closed","template":"","meta":{"inline_featured_image":false,"site-sidebar-layout":"default","site-content-layout":"default","ast-global-header-display":"","ast-main-header-display":"","ast-hfb-above-header-display":"","ast-hfb-below-header-display":"","ast-hfb-mobile-header-display":"","site-post-title":"disabled","ast-breadcrumbs-content":"","ast-featured-img":"","footer-sml-layout":"","theme-transparent-header-meta":"","adv-header-id-meta":"","stick-header-meta":"","header-above-stick-meta":"","header-main-stick-meta":"","header-below-stick-meta":"","footnotes":""},"class_list":["post-1548","page","type-page","status-publish","hentry"],"yoast_head":"<!-- This site is optimized with the Yoast SEO plugin v19.9 - https:\/\/yoast.com\/wordpress\/plugins\/seo\/ -->\n<title>Transpar\u00eancia - Casa Hiralal<\/title>\n<meta name=\"robots\" content=\"index, follow, max-snippet:-1, max-image-preview:large, max-video-preview:-1\" \/>\n<link rel=\"canonical\" href=\"https:\/\/www.casahiralal.com\/pt-pt\/transparency\/\" \/>\n<meta property=\"og:locale\" content=\"pt_PT\" \/>\n<meta property=\"og:type\" content=\"article\" \/>\n<meta property=\"og:title\" content=\"Transpar\u00eancia - Casa Hiralal\" \/>\n<meta property=\"og:description\" content=\"Transpar\u00eancia Portal da Transpar\u00eancia Este portal foi criado seguindo as instru\u00e7\u00f5es do Comiss\u00e1rio de Transpar\u00eancia do Governo das Ilhas Can\u00e1rias e em conformidade com a Lei 12\/2014, de 26 de dezembro, sobre transpar\u00eancia e acesso \u00e0 informa\u00e7\u00e3o p\u00fablica, do Governo das Ilhas Can\u00e1rias. Informes de resultados Informe provisional 2021 Informe resumen provisional 2021\" \/>\n<meta property=\"og:url\" content=\"https:\/\/www.casahiralal.com\/pt-pt\/transparency\/\" \/>\n<meta property=\"og:site_name\" content=\"Casa Hiralal\" \/>\n<meta property=\"article:modified_time\" content=\"2022-10-28T12:18:51+00:00\" \/>\n<meta name=\"twitter:card\" content=\"summary_large_image\" \/>\n<meta name=\"twitter:label1\" content=\"Tempo estimado de leitura\" \/>\n\t<meta name=\"twitter:data1\" content=\"1 minuto\" \/>\n<script type=\"application\/ld+json\" class=\"yoast-schema-graph\">{\"@context\":\"https:\/\/schema.org\",\"@graph\":[{\"@type\":\"WebPage\",\"@id\":\"https:\/\/www.casahiralal.com\/pt-pt\/transparency\/\",\"url\":\"https:\/\/www.casahiralal.com\/pt-pt\/transparency\/\",\"name\":\"Transpar\u00eancia - Casa Hiralal\",\"isPartOf\":{\"@id\":\"https:\/\/www.casahiralal.com\/#website\"},\"datePublished\":\"2022-07-29T06:35:34+00:00\",\"dateModified\":\"2022-10-28T12:18:51+00:00\",\"breadcrumb\":{\"@id\":\"https:\/\/www.casahiralal.com\/pt-pt\/transparency\/#breadcrumb\"},\"inLanguage\":\"pt-PT\",\"potentialAction\":[{\"@type\":\"ReadAction\",\"target\":[\"https:\/\/www.casahiralal.com\/pt-pt\/transparency\/\"]}]},{\"@type\":\"BreadcrumbList\",\"@id\":\"https:\/\/www.casahiralal.com\/pt-pt\/transparency\/#breadcrumb\",\"itemListElement\":[{\"@type\":\"ListItem\",\"position\":1,\"name\":\"Home\",\"item\":\"https:\/\/www.casahiralal.com\/pt-pt\/\"},{\"@type\":\"ListItem\",\"position\":2,\"name\":\"Transpar\u00eancia\"}]},{\"@type\":\"WebSite\",\"@id\":\"https:\/\/www.casahiralal.com\/#website\",\"url\":\"https:\/\/www.casahiralal.com\/\",\"name\":\"Casa Hiralal\",\"description\":\"casahiralal\",\"publisher\":{\"@id\":\"https:\/\/www.casahiralal.com\/#organization\"},\"potentialAction\":[{\"@type\":\"SearchAction\",\"target\":{\"@type\":\"EntryPoint\",\"urlTemplate\":\"https:\/\/www.casahiralal.com\/?s={search_term_string}\"},\"query-input\":\"required name=search_term_string\"}],\"inLanguage\":\"pt-PT\"},{\"@type\":\"Organization\",\"@id\":\"https:\/\/www.casahiralal.com\/#organization\",\"name\":\"Casa Hiralal\",\"url\":\"https:\/\/www.casahiralal.com\/\",\"logo\":{\"@type\":\"ImageObject\",\"inLanguage\":\"pt-PT\",\"@id\":\"https:\/\/www.casahiralal.com\/#\/schema\/logo\/image\/\",\"url\":\"https:\/\/www.casahiralal.com\/wp-content\/uploads\/2022\/07\/cropped-logo.png\",\"contentUrl\":\"https:\/\/www.casahiralal.com\/wp-content\/uploads\/2022\/07\/cropped-logo.png\",\"width\":215,\"height\":83,\"caption\":\"Casa Hiralal\"},\"image\":{\"@id\":\"https:\/\/www.casahiralal.com\/#\/schema\/logo\/image\/\"}}]}<\/script>\n<!-- \/ Yoast SEO plugin. -->","yoast_head_json":{"title":"Transpar\u00eancia - Casa Hiralal","robots":{"index":"index","follow":"follow","max-snippet":"max-snippet:-1","max-image-preview":"max-image-preview:large","max-video-preview":"max-video-preview:-1"},"canonical":"https:\/\/www.casahiralal.com\/pt-pt\/transparency\/","og_locale":"pt_PT","og_type":"article","og_title":"Transpar\u00eancia - Casa Hiralal","og_description":"Transpar\u00eancia Portal da Transpar\u00eancia Este portal foi criado seguindo as instru\u00e7\u00f5es do Comiss\u00e1rio de Transpar\u00eancia do Governo das Ilhas Can\u00e1rias e em conformidade com a Lei 12\/2014, de 26 de dezembro, sobre transpar\u00eancia e acesso \u00e0 informa\u00e7\u00e3o p\u00fablica, do Governo das Ilhas Can\u00e1rias. Informes de resultados Informe provisional 2021 Informe resumen provisional 2021","og_url":"https:\/\/www.casahiralal.com\/pt-pt\/transparency\/","og_site_name":"Casa Hiralal","article_modified_time":"2022-10-28T12:18:51+00:00","twitter_card":"summary_large_image","twitter_misc":{"Tempo estimado de leitura":"1 minuto"},"schema":{"@context":"https:\/\/schema.org","@graph":[{"@type":"WebPage","@id":"https:\/\/www.casahiralal.com\/pt-pt\/transparency\/","url":"https:\/\/www.casahiralal.com\/pt-pt\/transparency\/","name":"Transpar\u00eancia - Casa Hiralal","isPartOf":{"@id":"https:\/\/www.casahiralal.com\/#website"},"datePublished":"2022-07-29T06:35:34+00:00","dateModified":"2022-10-28T12:18:51+00:00","breadcrumb":{"@id":"https:\/\/www.casahiralal.com\/pt-pt\/transparency\/#breadcrumb"},"inLanguage":"pt-PT","potentialAction":[{"@type":"ReadAction","target":["https:\/\/www.casahiralal.com\/pt-pt\/transparency\/"]}]},{"@type":"BreadcrumbList","@id":"https:\/\/www.casahiralal.com\/pt-pt\/transparency\/#breadcrumb","itemListElement":[{"@type":"ListItem","position":1,"name":"Home","item":"https:\/\/www.casahiralal.com\/pt-pt\/"},{"@type":"ListItem","position":2,"name":"Transpar\u00eancia"}]},{"@type":"WebSite","@id":"https:\/\/www.casahiralal.com\/#website","url":"https:\/\/www.casahiralal.com\/","name":"Casa Hiralal","description":"casahiralal","publisher":{"@id":"https:\/\/www.casahiralal.com\/#organization"},"potentialAction":[{"@type":"SearchAction","target":{"@type":"EntryPoint","urlTemplate":"https:\/\/www.casahiralal.com\/?s={search_term_string}"},"query-input":"required name=search_term_string"}],"inLanguage":"pt-PT"},{"@type":"Organization","@id":"https:\/\/www.casahiralal.com\/#organization","name":"Casa Hiralal","url":"https:\/\/www.casahiralal.com\/","logo":{"@type":"ImageObject","inLanguage":"pt-PT","@id":"https:\/\/www.casahiralal.com\/#\/schema\/logo\/image\/","url":"https:\/\/www.casahiralal.com\/wp-content\/uploads\/2022\/07\/cropped-logo.png","contentUrl":"https:\/\/www.casahiralal.com\/wp-content\/uploads\/2022\/07\/cropped-logo.png","width":215,"height":83,"caption":"Casa Hiralal"},"image":{"@id":"https:\/\/www.casahiralal.com\/#\/schema\/logo\/image\/"}}]}},"uagb_featured_image_src":{"full":false,"thumbnail":false,"medium":false,"medium_large":false,"large":false,"wpl-wcs-cat-img":false,"wpl-wcs-cat-img-two":false,"1536x1536":false,"2048x2048":false,"woocommerce_thumbnail":false,"woocommerce_single":false,"woocommerce_gallery_thumbnail":false},"uagb_author_info":{"display_name":"casahiralal","author_link":"https:\/\/www.casahiralal.com\/pt-pt\/author\/casahiralal\/"},"uagb_comment_info":0,"uagb_excerpt":"Transpar\u00eancia Portal da Transpar\u00eancia Este portal foi criado seguindo as instru\u00e7\u00f5es do Comiss\u00e1rio de Transpar\u00eancia do Governo das Ilhas Can\u00e1rias e em conformidade com a Lei 12\/2014, de 26 de dezembro, sobre transpar\u00eancia e acesso \u00e0 informa\u00e7\u00e3o p\u00fablica, do Governo das Ilhas Can\u00e1rias. Informes de resultados Informe provisional 2021 Informe resumen provisional 2021","_links":{"self":[{"href":"https:\/\/www.casahiralal.com\/pt-pt\/wp-json\/wp\/v2\/pages\/1548","targetHints":{"allow":["GET"]}}],"collection":[{"href":"https:\/\/www.casahiralal.com\/pt-pt\/wp-json\/wp\/v2\/pages"}],"about":[{"href":"https:\/\/www.casahiralal.com\/pt-pt\/wp-json\/wp\/v2\/types\/page"}],"author":[{"embeddable":true,"href":"https:\/\/www.casahiralal.com\/pt-pt\/wp-json\/wp\/v2\/users\/1"}],"replies":[{"embeddable":true,"href":"https:\/\/www.casahiralal.com\/pt-pt\/wp-json\/wp\/v2\/comments?post=1548"}],"version-history":[{"count":4,"href":"https:\/\/www.casahiralal.com\/pt-pt\/wp-json\/wp\/v2\/pages\/1548\/revisions"}],"predecessor-version":[{"id":1800,"href":"https:\/\/www.casahiralal.com\/pt-pt\/wp-json\/wp\/v2\/pages\/1548\/revisions\/1800"}],"wp:attachment":[{"href":"https:\/\/www.casahiralal.com\/pt-pt\/wp-json\/wp\/v2\/media?parent=1548"}],"curies":[{"name":"wp","href":"https:\/\/api.w.org\/{rel}","templated":true}]}}