{"id":1546,"date":"2022-07-29T06:29:30","date_gmt":"2022-07-29T06:29:30","guid":{"rendered":"https:\/\/www.casahiralal.com\/about-us\/"},"modified":"2022-10-31T05:55:45","modified_gmt":"2022-10-31T05:55:45","slug":"about-us","status":"publish","type":"page","link":"https:\/\/www.casahiralal.com\/pt-pt\/about-us\/","title":{"rendered":"Sobre n\u00f3s"},"content":{"rendered":"<style id=\"kb-rowlayout_7a0f4c-46\">#kt-layout-id_7a0f4c-46{margin-top:0px;margin-bottom:0px;background-image:url('https:\/\/www.casahiralal.com\/wp-content\/uploads\/2022\/08\/francesca-beach-1.png');background-size:cover;background-position:50% 50%;background-attachment:scroll;background-repeat:no-repeat;}.kt-layout-id_7a0f4c-46, .kt-layout-id_7a0f4c-46 h1, .kt-layout-id_7a0f4c-46 h2, .kt-layout-id_7a0f4c-46 h3, .kt-layout-id_7a0f4c-46 h4, .kt-layout-id_7a0f4c-46 h5, .kt-layout-id_7a0f4c-46 h6{color:#ffffff;}#kt-layout-id_7a0f4c-46 .kt-row-layout-bottom-sep{height:147px;}#kt-layout-id_7a0f4c-46 .kt-row-layout-bottom-sep svg{width:144%;}#kt-layout-id_7a0f4c-46 > .kt-row-column-wrap{padding-top:0px;padding-bottom:0px;padding-left:0px;padding-right:0px;min-height:320px;}#kt-layout-id_7a0f4c-46 > .kt-row-layout-overlay{opacity:0.50;background-color:#000000;}<\/style>\n<div class=\"wp-block-kadence-rowlayout alignfull banner-inner-section\"><div id=\"kt-layout-id_7a0f4c-46\" class=\"kt-row-layout-inner kt-row-has-bg kt-layout-id_7a0f4c-46\"><div class=\"kt-row-layout-overlay kt-row-overlay-normal\"><\/div><div class=\"kt-row-column-wrap kt-has-1-columns kt-gutter-default kt-v-gutter-default kt-row-valign-middle kt-row-layout-equal kt-tab-layout-inherit kt-m-colapse-left-to-right kt-mobile-layout-row kb-theme-content-width\"><style id=\"kb-column_7df107-06\">.kadence-column_7df107-06 > .kt-inside-inner-col{display:flex;flex-direction:row;flex-wrap:wrap;align-items:center;justify-content:center;gap:0px;}.kadence-column_7df107-06 > .kt-inside-inner-col > *, .kadence-column_7df107-06 > .kt-inside-inner-col > figure.wp-block-image, .kadence-column_7df107-06 > .kt-inside-inner-col > figure.wp-block-kadence-image{margin-top:0px;margin-bottom:0px;}.kadence-column_7df107-06{text-align:center;}<\/style>\n<div class=\"wp-block-kadence-column inner-column-1 kadence-column_7df107-06 kb-section-dir-horizontal\"><div class=\"kt-inside-inner-col\">\n<h2 class=\"wp-block-heading\">Sobre n\u00f3s<\/h2>\n<\/div><\/div>\n<\/div><div class=\"kt-row-layout-bottom-sep kt-row-sep-type-crvi\"><svg style=\"fill:#ffffff\" viewBox=\"0 0 1000 100\" preserveAspectRatio=\"none\"><path d=\"M1000,0c0,0 -270.987,98 -500,98c-229.013,0 -500,-98 -500,-98l0,100l1000,0l0,-100Z\"><\/path><\/svg><\/div><\/div><\/div>\n\n\n<style id=\"kb-rowlayout_f200ce-84\">#kt-layout-id_f200ce-84 > .kt-row-column-wrap{padding-top:0px;padding-bottom:0px;}<\/style>\n<div class=\"wp-block-kadence-rowlayout alignnone banner-scroll-icon\"><div id=\"kt-layout-id_f200ce-84\" class=\"kt-row-layout-inner kt-layout-id_f200ce-84\"><div class=\"kt-row-column-wrap kt-has-1-columns kt-gutter-default kt-v-gutter-default kt-row-valign-top kt-row-layout-equal kt-tab-layout-inherit kt-m-colapse-left-to-right kt-mobile-layout-row\">\n<div class=\"wp-block-kadence-column inner-column-1 kadence-column_518551-53\"><div class=\"kt-inside-inner-col\">\n<div class=\"wp-block-kadence-icon kt-svg-icons kt-svg-icons_ef21bb-01 alignnone\" style=\"text-align:center\"><div class=\"kt-svg-style-default kt-svg-icon-wrap kt-svg-item-0\"><a href=\"#next-section\" class=\"kt-svg-icon-link\"><div style=\"display:inline-flex;justify-content:center;align-items:center;color:#1f92c8\" class=\"kt-svg-icon kt-svg-icon-fas_caret-down\"><svg style=\"display:inline-block;vertical-align:middle\" viewBox=\"0 0 320 512\" height=\"30\" width=\"30\" fill=\"currentColor\" xmlns=\"http:\/\/www.w3.org\/2000\/svg\" aria-hidden=\"true\"><path d=\"M31.3 192h257.3c17.8 0 26.7 21.5 14.1 34.1L174.1 354.8c-7.8 7.8-20.5 7.8-28.3 0L17.2 226.1C4.6 213.5 13.5 192 31.3 192z\"><\/path><\/svg><\/div><\/a><\/div><\/div>\n<\/div><\/div>\n<\/div><\/div><\/div>\n\n\n<style id=\"kb-rowlayout_a7c900-c1\">#kt-layout-id_a7c900-c1 > .kt-row-column-wrap{padding-top:70px;padding-bottom:0px;}<\/style>\n<div class=\"wp-block-kadence-rowlayout alignnone who-we-are-you-text\"><div id=\"kt-layout-id_a7c900-c1\" class=\"kt-row-layout-inner kt-layout-id_a7c900-c1\"><div class=\"kt-row-column-wrap kt-has-1-columns kt-gutter-default kt-v-gutter-default kt-row-valign-top kt-row-layout-equal kt-tab-layout-inherit kt-m-colapse-left-to-right kt-mobile-layout-row\">\n<div class=\"wp-block-kadence-column inner-column-1 kadence-column_6404c5-5c\"><div class=\"kt-inside-inner-col\">\n<h2 class=\"has-text-align-center wp-block-heading\" style=\"font-size:35px\">&#8220;45 anos oferecendo aos nossos clientes<\/h2>\n\n\n\n<h2 class=\"has-text-align-center wp-block-heading\" style=\"font-size:35px\"><strong>os melhores produtos&#8221;<\/strong><\/h2>\n<\/div><\/div>\n<\/div><\/div><\/div>\n\n\n<style id=\"kb-rowlayout_0c1c79-64\">#kt-layout-id_0c1c79-64 > .kt-row-column-wrap{padding-top:50px;padding-bottom:95px;}<\/style>\n<div class=\"wp-block-kadence-rowlayout alignwide about-us-section\"><div id=\"kt-layout-id_0c1c79-64\" class=\"kt-row-layout-inner kt-layout-id_0c1c79-64\"><div class=\"kt-row-column-wrap kt-has-2-columns kt-gutter-none kt-v-gutter-default kt-row-valign-top kt-row-layout-equal kt-tab-layout-inherit kt-m-colapse-left-to-right kt-mobile-layout-row kb-theme-content-width\"><style id=\"kb-column_e8fbb7-45\">.kadence-column_e8fbb7-45 > .kt-inside-inner-col{padding-top:0px;padding-bottom:0px;padding-left:0px;padding-right:0px;}.wp-block-kadence-column.kadence-column_e8fbb7-45 > .kt-inside-inner-col{margin-top:0px;margin-bottom:0px;margin-right:0px;margin-left:0px;}.kadence-column_e8fbb7-45 > .kt-inside-inner-col{justify-content:center;flex-direction:column;display:flex;}.kadence-column_e8fbb7-45 > .kt-inside-inner-col > .aligncenter{width:100%;}.kt-row-column-wrap > .kadence-column_e8fbb7-45{align-self:center;}.kt-inner-column-height-full:not(.kt-has-1-columns) > .wp-block-kadence-column.kadence-column_e8fbb7-45{align-self:auto;}.kt-inner-column-height-full:not(.kt-has-1-columns) > .wp-block-kadence-column.kadence-column_e8fbb7-45 > .kt-inside-inner-col{display:flex;flex-direction:column;justify-content:center;}<\/style>\n<div class=\"wp-block-kadence-column inner-column-1 kadence-column_e8fbb7-45 left-side\" id=\"next-section\"><div class=\"kt-inside-inner-col\">\n<h2 class=\"heading-effact wp-block-heading\">Sobre n\u00f3s<\/h2>\n\n\n\n<p>Desde 1974, a Casa Hiralal importa e distribui artigos por grosso para o setor do turismo nas Ilhas Can\u00e1rias. Mais de 45 anos de experi\u00eancia nos apoiam.<\/p>\n\n\n\n<div style=\"height:15px\" aria-hidden=\"true\" class=\"wp-block-spacer\"><\/div>\n\n\n\n<p>N\u00f3s carregamos uma variedade dos melhores itens feitos nacionalmente, bem como globalmente, de lugares t\u00e3o variados como China, \u00cdndia, Tail\u00e2ndia, Indon\u00e9sia e Egito.<\/p>\n\n\n\n<div style=\"height:15px\" aria-hidden=\"true\" class=\"wp-block-spacer\"><\/div>\n\n\n\n<p>A empresa iniciou a sua actividade em Las Palmas de Gran Canaria quando o seu fundador, Sr. Vineschandra, come\u00e7ou a vender pendentes a lojas que na altura vendiam a turistas que come\u00e7avam a visitar a cidade. Desde suas origens humildes, expandiu continuamente sua atividade, aproveitando o boom tur\u00edstico que as Ilhas Can\u00e1rias experimentaram nas \u00faltimas d\u00e9cadas.<\/p>\n\n\n\n<p>Agora conta com uma equipe completa e distribui para empresas de todos os portes em todo o arquip\u00e9lago.<\/p>\n<\/div><\/div>\n\n\n<style id=\"kb-column_88b87c-bc\">.kadence-column_88b87c-bc > .kt-inside-inner-col{padding-bottom:45px;padding-right:45px;}.wp-block-kadence-column.kadence-column_88b87c-bc > .kt-inside-inner-col{margin-left:50px;}<\/style>\n<div class=\"wp-block-kadence-column inner-column-2 kadence-column_88b87c-bc right-side\"><div class=\"kt-inside-inner-col\">\n<figure class=\"wp-block-image alignright size-large\" style=\"border-radius:0px\"><img loading=\"lazy\" decoding=\"async\" width=\"1024\" height=\"814\" src=\"https:\/\/www.casahiralal.com\/wp-content\/uploads\/2022\/10\/About-us-1024x814.jpg\" alt=\"\" class=\"wp-image-1938\" srcset=\"https:\/\/www.casahiralal.com\/wp-content\/uploads\/2022\/10\/About-us-1024x814.jpg 1024w, https:\/\/www.casahiralal.com\/wp-content\/uploads\/2022\/10\/About-us-300x238.jpg 300w, https:\/\/www.casahiralal.com\/wp-content\/uploads\/2022\/10\/About-us-768x610.jpg 768w, https:\/\/www.casahiralal.com\/wp-content\/uploads\/2022\/10\/About-us-600x477.jpg 600w, https:\/\/www.casahiralal.com\/wp-content\/uploads\/2022\/10\/About-us.jpg 1344w\" sizes=\"auto, (max-width: 1024px) 100vw, 1024px\" \/><\/figure>\n<\/div><\/div>\n<\/div><\/div><\/div>\n\n\n<style id=\"kb-rowlayout_b2266b-51\">#kt-layout-id_b2266b-51{margin-bottom:150px;background-color:#e4f6ff;}#kt-layout-id_b2266b-51 > .kt-row-column-wrap{padding-top:50px;padding-bottom:50px;}<\/style>\n<div class=\"wp-block-kadence-rowlayout alignfull about-us-section-discription\"><div id=\"kt-layout-id_b2266b-51\" class=\"kt-row-layout-inner kt-row-has-bg kt-layout-id_b2266b-51\"><div class=\"kt-row-column-wrap kt-has-1-columns kt-gutter-default kt-v-gutter-default kt-row-valign-top kt-row-layout-equal kt-tab-layout-inherit kt-m-colapse-left-to-right kt-mobile-layout-row kb-theme-content-width\">\n<div class=\"wp-block-kadence-column inner-column-1 kadence-column_d4240f-4f\"><div class=\"kt-inside-inner-col\">\n<h3 class=\"wp-block-heading\">O nosso principal interesse \u00e9 criar valor para os nossos clientes e para o consumidor final, raz\u00e3o pela qual procuramos sempre inovar no setor do turismo, oferecendo uma grande variedade e os mais recentes desenvolvimentos.<\/h3>\n<\/div><\/div>\n<\/div><\/div><\/div>\n","protected":false},"excerpt":{"rendered":"<p>Sobre n\u00f3s &#8220;45 anos oferecendo aos nossos clientes os melhores produtos&#8221; Sobre n\u00f3s Desde 1974, a Casa Hiralal importa e distribui artigos por grosso para o setor do turismo nas Ilhas Can\u00e1rias. Mais de 45 anos de experi\u00eancia nos apoiam. N\u00f3s carregamos uma variedade dos melhores itens feitos nacionalmente, bem como globalmente, de lugares t\u00e3o &hellip;<\/p>\n<p class=\"read-more\"> <a class=\"\" href=\"https:\/\/www.casahiralal.com\/pt-pt\/about-us\/\"> <span class=\"screen-reader-text\">Sobre n\u00f3s<\/span> Read More &raquo;<\/a><\/p>\n","protected":false},"author":1,"featured_media":0,"parent":0,"menu_order":0,"comment_status":"closed","ping_status":"closed","template":"","meta":{"inline_featured_image":false,"site-sidebar-layout":"default","site-content-layout":"default","ast-global-header-display":"","ast-main-header-display":"","ast-hfb-above-header-display":"","ast-hfb-below-header-display":"","ast-hfb-mobile-header-display":"","site-post-title":"disabled","ast-breadcrumbs-content":"","ast-featured-img":"","footer-sml-layout":"","theme-transparent-header-meta":"","adv-header-id-meta":"","stick-header-meta":"","header-above-stick-meta":"","header-main-stick-meta":"","header-below-stick-meta":"","footnotes":""},"class_list":["post-1546","page","type-page","status-publish","hentry"],"yoast_head":"<!-- This site is optimized with the Yoast SEO plugin v19.9 - https:\/\/yoast.com\/wordpress\/plugins\/seo\/ -->\n<title>Sobre n\u00f3s - Casa Hiralal<\/title>\n<meta name=\"robots\" content=\"index, follow, max-snippet:-1, max-image-preview:large, max-video-preview:-1\" \/>\n<link rel=\"canonical\" href=\"https:\/\/www.casahiralal.com\/pt-pt\/about-us\/\" \/>\n<meta property=\"og:locale\" content=\"pt_PT\" \/>\n<meta property=\"og:type\" content=\"article\" \/>\n<meta property=\"og:title\" content=\"Sobre n\u00f3s - Casa Hiralal\" \/>\n<meta property=\"og:description\" content=\"Sobre n\u00f3s &#8220;45 anos oferecendo aos nossos clientes os melhores produtos&#8221; Sobre n\u00f3s Desde 1974, a Casa Hiralal importa e distribui artigos por grosso para o setor do turismo nas Ilhas Can\u00e1rias. Mais de 45 anos de experi\u00eancia nos apoiam. N\u00f3s carregamos uma variedade dos melhores itens feitos nacionalmente, bem como globalmente, de lugares t\u00e3o &hellip; Sobre n\u00f3s Read More &raquo;\" \/>\n<meta property=\"og:url\" content=\"https:\/\/www.casahiralal.com\/pt-pt\/about-us\/\" \/>\n<meta property=\"og:site_name\" content=\"Casa Hiralal\" \/>\n<meta property=\"article:modified_time\" content=\"2022-10-31T05:55:45+00:00\" \/>\n<meta property=\"og:image\" content=\"https:\/\/www.casahiralal.com\/wp-content\/uploads\/2022\/10\/About-us-1024x814.jpg\" \/>\n<meta name=\"twitter:card\" content=\"summary_large_image\" \/>\n<meta name=\"twitter:label1\" content=\"Tempo estimado de leitura\" \/>\n\t<meta name=\"twitter:data1\" content=\"1 minuto\" \/>\n<script type=\"application\/ld+json\" class=\"yoast-schema-graph\">{\"@context\":\"https:\/\/schema.org\",\"@graph\":[{\"@type\":\"WebPage\",\"@id\":\"https:\/\/www.casahiralal.com\/pt-pt\/about-us\/\",\"url\":\"https:\/\/www.casahiralal.com\/pt-pt\/about-us\/\",\"name\":\"Sobre n\u00f3s - Casa Hiralal\",\"isPartOf\":{\"@id\":\"https:\/\/www.casahiralal.com\/#website\"},\"datePublished\":\"2022-07-29T06:29:30+00:00\",\"dateModified\":\"2022-10-31T05:55:45+00:00\",\"breadcrumb\":{\"@id\":\"https:\/\/www.casahiralal.com\/pt-pt\/about-us\/#breadcrumb\"},\"inLanguage\":\"pt-PT\",\"potentialAction\":[{\"@type\":\"ReadAction\",\"target\":[\"https:\/\/www.casahiralal.com\/pt-pt\/about-us\/\"]}]},{\"@type\":\"BreadcrumbList\",\"@id\":\"https:\/\/www.casahiralal.com\/pt-pt\/about-us\/#breadcrumb\",\"itemListElement\":[{\"@type\":\"ListItem\",\"position\":1,\"name\":\"Home\",\"item\":\"https:\/\/www.casahiralal.com\/pt-pt\/\"},{\"@type\":\"ListItem\",\"position\":2,\"name\":\"Sobre n\u00f3s\"}]},{\"@type\":\"WebSite\",\"@id\":\"https:\/\/www.casahiralal.com\/#website\",\"url\":\"https:\/\/www.casahiralal.com\/\",\"name\":\"Casa Hiralal\",\"description\":\"casahiralal\",\"publisher\":{\"@id\":\"https:\/\/www.casahiralal.com\/#organization\"},\"potentialAction\":[{\"@type\":\"SearchAction\",\"target\":{\"@type\":\"EntryPoint\",\"urlTemplate\":\"https:\/\/www.casahiralal.com\/?s={search_term_string}\"},\"query-input\":\"required name=search_term_string\"}],\"inLanguage\":\"pt-PT\"},{\"@type\":\"Organization\",\"@id\":\"https:\/\/www.casahiralal.com\/#organization\",\"name\":\"Casa Hiralal\",\"url\":\"https:\/\/www.casahiralal.com\/\",\"logo\":{\"@type\":\"ImageObject\",\"inLanguage\":\"pt-PT\",\"@id\":\"https:\/\/www.casahiralal.com\/#\/schema\/logo\/image\/\",\"url\":\"https:\/\/www.casahiralal.com\/wp-content\/uploads\/2022\/07\/cropped-logo.png\",\"contentUrl\":\"https:\/\/www.casahiralal.com\/wp-content\/uploads\/2022\/07\/cropped-logo.png\",\"width\":215,\"height\":83,\"caption\":\"Casa Hiralal\"},\"image\":{\"@id\":\"https:\/\/www.casahiralal.com\/#\/schema\/logo\/image\/\"}}]}<\/script>\n<!-- \/ Yoast SEO plugin. -->","yoast_head_json":{"title":"Sobre n\u00f3s - Casa Hiralal","robots":{"index":"index","follow":"follow","max-snippet":"max-snippet:-1","max-image-preview":"max-image-preview:large","max-video-preview":"max-video-preview:-1"},"canonical":"https:\/\/www.casahiralal.com\/pt-pt\/about-us\/","og_locale":"pt_PT","og_type":"article","og_title":"Sobre n\u00f3s - Casa Hiralal","og_description":"Sobre n\u00f3s &#8220;45 anos oferecendo aos nossos clientes os melhores produtos&#8221; Sobre n\u00f3s Desde 1974, a Casa Hiralal importa e distribui artigos por grosso para o setor do turismo nas Ilhas Can\u00e1rias. Mais de 45 anos de experi\u00eancia nos apoiam. N\u00f3s carregamos uma variedade dos melhores itens feitos nacionalmente, bem como globalmente, de lugares t\u00e3o &hellip; Sobre n\u00f3s Read More &raquo;","og_url":"https:\/\/www.casahiralal.com\/pt-pt\/about-us\/","og_site_name":"Casa Hiralal","article_modified_time":"2022-10-31T05:55:45+00:00","og_image":[{"url":"https:\/\/www.casahiralal.com\/wp-content\/uploads\/2022\/10\/About-us-1024x814.jpg"}],"twitter_card":"summary_large_image","twitter_misc":{"Tempo estimado de leitura":"1 minuto"},"schema":{"@context":"https:\/\/schema.org","@graph":[{"@type":"WebPage","@id":"https:\/\/www.casahiralal.com\/pt-pt\/about-us\/","url":"https:\/\/www.casahiralal.com\/pt-pt\/about-us\/","name":"Sobre n\u00f3s - Casa Hiralal","isPartOf":{"@id":"https:\/\/www.casahiralal.com\/#website"},"datePublished":"2022-07-29T06:29:30+00:00","dateModified":"2022-10-31T05:55:45+00:00","breadcrumb":{"@id":"https:\/\/www.casahiralal.com\/pt-pt\/about-us\/#breadcrumb"},"inLanguage":"pt-PT","potentialAction":[{"@type":"ReadAction","target":["https:\/\/www.casahiralal.com\/pt-pt\/about-us\/"]}]},{"@type":"BreadcrumbList","@id":"https:\/\/www.casahiralal.com\/pt-pt\/about-us\/#breadcrumb","itemListElement":[{"@type":"ListItem","position":1,"name":"Home","item":"https:\/\/www.casahiralal.com\/pt-pt\/"},{"@type":"ListItem","position":2,"name":"Sobre n\u00f3s"}]},{"@type":"WebSite","@id":"https:\/\/www.casahiralal.com\/#website","url":"https:\/\/www.casahiralal.com\/","name":"Casa Hiralal","description":"casahiralal","publisher":{"@id":"https:\/\/www.casahiralal.com\/#organization"},"potentialAction":[{"@type":"SearchAction","target":{"@type":"EntryPoint","urlTemplate":"https:\/\/www.casahiralal.com\/?s={search_term_string}"},"query-input":"required name=search_term_string"}],"inLanguage":"pt-PT"},{"@type":"Organization","@id":"https:\/\/www.casahiralal.com\/#organization","name":"Casa Hiralal","url":"https:\/\/www.casahiralal.com\/","logo":{"@type":"ImageObject","inLanguage":"pt-PT","@id":"https:\/\/www.casahiralal.com\/#\/schema\/logo\/image\/","url":"https:\/\/www.casahiralal.com\/wp-content\/uploads\/2022\/07\/cropped-logo.png","contentUrl":"https:\/\/www.casahiralal.com\/wp-content\/uploads\/2022\/07\/cropped-logo.png","width":215,"height":83,"caption":"Casa Hiralal"},"image":{"@id":"https:\/\/www.casahiralal.com\/#\/schema\/logo\/image\/"}}]}},"uagb_featured_image_src":{"full":false,"thumbnail":false,"medium":false,"medium_large":false,"large":false,"wpl-wcs-cat-img":false,"wpl-wcs-cat-img-two":false,"1536x1536":false,"2048x2048":false,"woocommerce_thumbnail":false,"woocommerce_single":false,"woocommerce_gallery_thumbnail":false},"uagb_author_info":{"display_name":"casahiralal","author_link":"https:\/\/www.casahiralal.com\/pt-pt\/author\/casahiralal\/"},"uagb_comment_info":0,"uagb_excerpt":"Sobre n\u00f3s &#8220;45 anos oferecendo aos nossos clientes os melhores produtos&#8221; Sobre n\u00f3s Desde 1974, a Casa Hiralal importa e distribui artigos por grosso para o setor do turismo nas Ilhas Can\u00e1rias. Mais de 45 anos de experi\u00eancia nos apoiam. N\u00f3s carregamos uma variedade dos melhores itens feitos nacionalmente, bem como globalmente, de lugares t\u00e3o&hellip;","_links":{"self":[{"href":"https:\/\/www.casahiralal.com\/pt-pt\/wp-json\/wp\/v2\/pages\/1546","targetHints":{"allow":["GET"]}}],"collection":[{"href":"https:\/\/www.casahiralal.com\/pt-pt\/wp-json\/wp\/v2\/pages"}],"about":[{"href":"https:\/\/www.casahiralal.com\/pt-pt\/wp-json\/wp\/v2\/types\/page"}],"author":[{"embeddable":true,"href":"https:\/\/www.casahiralal.com\/pt-pt\/wp-json\/wp\/v2\/users\/1"}],"replies":[{"embeddable":true,"href":"https:\/\/www.casahiralal.com\/pt-pt\/wp-json\/wp\/v2\/comments?post=1546"}],"version-history":[{"count":7,"href":"https:\/\/www.casahiralal.com\/pt-pt\/wp-json\/wp\/v2\/pages\/1546\/revisions"}],"predecessor-version":[{"id":1945,"href":"https:\/\/www.casahiralal.com\/pt-pt\/wp-json\/wp\/v2\/pages\/1546\/revisions\/1945"}],"wp:attachment":[{"href":"https:\/\/www.casahiralal.com\/pt-pt\/wp-json\/wp\/v2\/media?parent=1546"}],"curies":[{"name":"wp","href":"https:\/\/api.w.org\/{rel}","templated":true}]}}