{"id":1544,"date":"2022-07-29T06:30:20","date_gmt":"2022-07-29T06:30:20","guid":{"rendered":"https:\/\/www.casahiralal.com\/contacto\/"},"modified":"2022-08-31T10:24:05","modified_gmt":"2022-08-31T10:24:05","slug":"contacto","status":"publish","type":"page","link":"https:\/\/www.casahiralal.com\/pt-pt\/contacto\/","title":{"rendered":"Contato"},"content":{"rendered":"<style id=\"kb-rowlayout_7a0f4c-46\">#kt-layout-id_7a0f4c-46{margin-top:0px;margin-bottom:0px;background-image:url('https:\/\/www.casahiralal.com\/wp-content\/uploads\/2022\/08\/francesca-beach-1.png');background-size:cover;background-position:50% 50%;background-attachment:scroll;background-repeat:no-repeat;}.kt-layout-id_7a0f4c-46, .kt-layout-id_7a0f4c-46 h1, .kt-layout-id_7a0f4c-46 h2, .kt-layout-id_7a0f4c-46 h3, .kt-layout-id_7a0f4c-46 h4, .kt-layout-id_7a0f4c-46 h5, .kt-layout-id_7a0f4c-46 h6{color:#ffffff;}#kt-layout-id_7a0f4c-46 .kt-row-layout-bottom-sep{height:147px;}#kt-layout-id_7a0f4c-46 .kt-row-layout-bottom-sep svg{width:144%;}#kt-layout-id_7a0f4c-46 > .kt-row-column-wrap{padding-top:0px;padding-bottom:0px;padding-left:0px;padding-right:0px;min-height:320px;}#kt-layout-id_7a0f4c-46 > .kt-row-layout-overlay{opacity:0.50;background-color:#000000;}<\/style>\n<div class=\"wp-block-kadence-rowlayout alignfull banner-inner-section\"><div id=\"kt-layout-id_7a0f4c-46\" class=\"kt-row-layout-inner kt-row-has-bg kt-layout-id_7a0f4c-46\"><div class=\"kt-row-layout-overlay kt-row-overlay-normal\"><\/div><div class=\"kt-row-column-wrap kt-has-1-columns kt-gutter-default kt-v-gutter-default kt-row-valign-middle kt-row-layout-equal kt-tab-layout-inherit kt-m-colapse-left-to-right kt-mobile-layout-row kb-theme-content-width\"><style id=\"kb-column_7df107-06\">.kadence-column_7df107-06 > .kt-inside-inner-col{display:flex;flex-direction:row;flex-wrap:wrap;align-items:center;justify-content:center;gap:0px;}.kadence-column_7df107-06 > .kt-inside-inner-col > *, .kadence-column_7df107-06 > .kt-inside-inner-col > figure.wp-block-image, .kadence-column_7df107-06 > .kt-inside-inner-col > figure.wp-block-kadence-image{margin-top:0px;margin-bottom:0px;}.kadence-column_7df107-06{text-align:center;}<\/style>\n<div class=\"wp-block-kadence-column inner-column-1 kadence-column_7df107-06 kb-section-dir-horizontal\"><div class=\"kt-inside-inner-col\">\n<h2 class=\"wp-block-heading\">Bem-vindo \u00e0 nossa casa<\/h2>\n<\/div><\/div>\n<\/div><div class=\"kt-row-layout-bottom-sep kt-row-sep-type-crvi\"><svg style=\"fill:#ffffff\" viewBox=\"0 0 1000 100\" preserveAspectRatio=\"none\"><path d=\"M1000,0c0,0 -270.987,98 -500,98c-229.013,0 -500,-98 -500,-98l0,100l1000,0l0,-100Z\"><\/path><\/svg><\/div><\/div><\/div>\n\n\n<style id=\"kb-rowlayout_2b3744-64\">#kt-layout-id_2b3744-64 > .kt-row-column-wrap{padding-top:0px;padding-bottom:0px;}<\/style>\n<div class=\"wp-block-kadence-rowlayout alignnone banner-scroll-icon\"><div id=\"kt-layout-id_2b3744-64\" class=\"kt-row-layout-inner kt-layout-id_2b3744-64\"><div class=\"kt-row-column-wrap kt-has-1-columns kt-gutter-default kt-v-gutter-default kt-row-valign-top kt-row-layout-equal kt-tab-layout-inherit kt-m-colapse-left-to-right kt-mobile-layout-row\">\n<div class=\"wp-block-kadence-column inner-column-1 kadence-column_f38e41-f0\"><div class=\"kt-inside-inner-col\">\n<div class=\"wp-block-kadence-icon kt-svg-icons kt-svg-icons_ecf7dc-b5 alignnone\" style=\"text-align:center\"><div class=\"kt-svg-style-default kt-svg-icon-wrap kt-svg-item-0\"><a href=\"#next-section\" class=\"kt-svg-icon-link\"><div style=\"display:inline-flex;justify-content:center;align-items:center;color:#1f92c8\" class=\"kt-svg-icon kt-svg-icon-fas_caret-down\"><svg style=\"display:inline-block;vertical-align:middle\" viewBox=\"0 0 320 512\" height=\"30\" width=\"30\" fill=\"currentColor\" xmlns=\"http:\/\/www.w3.org\/2000\/svg\" aria-hidden=\"true\"><path d=\"M31.3 192h257.3c17.8 0 26.7 21.5 14.1 34.1L174.1 354.8c-7.8 7.8-20.5 7.8-28.3 0L17.2 226.1C4.6 213.5 13.5 192 31.3 192z\"><\/path><\/svg><\/div><\/a><\/div><\/div>\n<\/div><\/div>\n<\/div><\/div><\/div>\n\n\n<style id=\"kb-rowlayout_a7c900-c1\">#kt-layout-id_a7c900-c1{margin-top:0px;margin-bottom:0px;}#kt-layout-id_a7c900-c1 > .kt-row-column-wrap{padding-top:70px;padding-bottom:0px;}<\/style>\n<div class=\"wp-block-kadence-rowlayout alignnone contact-us-page-discription who-we-are-you-text\"><div id=\"kt-layout-id_a7c900-c1\" class=\"kt-row-layout-inner kt-layout-id_a7c900-c1\"><div class=\"kt-row-column-wrap kt-has-1-columns kt-gutter-default kt-v-gutter-default kt-row-valign-top kt-row-layout-equal kt-tab-layout-inherit kt-m-colapse-left-to-right kt-mobile-layout-row kb-theme-content-width\"><style id=\"kb-column_6404c5-5c\">.kadence-column_6404c5-5c > .kt-inside-inner-col{padding-top:0px;padding-bottom:0px;padding-left:0px;padding-right:0px;}.wp-block-kadence-column.kadence-column_6404c5-5c > .kt-inside-inner-col{margin-top:0px;margin-bottom:0px;margin-right:0px;margin-left:0px;}<\/style>\n<div class=\"wp-block-kadence-column inner-column-1 kadence-column_6404c5-5c\"><div class=\"kt-inside-inner-col\">\n<h2 class=\"has-text-align-center wp-block-heading\" style=\"font-size:35px\">&#8220;Venha nos visitar ou entre em contato conosco,<br>N\u00f3s temos muito para oferecer&#8221;<\/h2>\n\n\n\n<div style=\"height:20px\" aria-hidden=\"true\" class=\"wp-block-spacer\"><\/div>\n\n\n\n<p class=\"has-text-align-center\">Nossa sede principal est\u00e1 localizada na Calle Misiones, 15 no complexo industrial Sebadal na cidade de Las Palmas de Gran Canaria. Temos mais de 5000m2 de espa\u00e7o para atend\u00ea-lo com tudo que voc\u00ea precisa.<\/p>\n\n\n\n<div style=\"height:10px\" aria-hidden=\"true\" class=\"wp-block-spacer\"><\/div>\n\n\n\n<p class=\"has-text-align-center\">Para qualquer quest\u00e3o, n\u00e3o hesite em contactar o nosso departamento comercial por telefone ou enviando um email para info@casahiralal.com<a href=\"mailto:info@casahiralal.com\" target=\"_blank\" rel=\"noreferrer noopener\"><\/a><\/p>\n\n\n\n<div style=\"height:10px\" aria-hidden=\"true\" class=\"wp-block-spacer\"><\/div>\n<\/div><\/div>\n<\/div><\/div><\/div>\n\n\n<style id=\"kb-rowlayout_9f1ecc-09\">#kt-layout-id_9f1ecc-09{margin-top:108px;background-image:url('https:\/\/www.casahiralal.com\/wp-content\/uploads\/2022\/08\/header-dots.png');background-size:contain;background-position:50% 0%;background-attachment:scroll;background-repeat:no-repeat;}#kt-layout-id_9f1ecc-09 > .kt-row-column-wrap{padding-top:0px;padding-bottom:110px;padding-left:0px;padding-right:0px;}<\/style>\n<div class=\"wp-block-kadence-rowlayout alignnone contact-form-section contact-page-section\"><div id=\"kt-layout-id_9f1ecc-09\" class=\"kt-row-layout-inner kt-row-has-bg kt-layout-id_9f1ecc-09\"><div class=\"kt-row-column-wrap kt-has-1-columns kt-gutter-default kt-v-gutter-default kt-row-valign-top kt-row-layout-equal kt-tab-layout-inherit kt-m-colapse-left-to-right kt-mobile-layout-row kb-theme-content-width\"><style id=\"kb-column_71ed41-da\">.kadence-column_71ed41-da > .kt-inside-inner-col{padding-top:0px;padding-bottom:0px;padding-left:0px;padding-right:0px;}.wp-block-kadence-column.kadence-column_71ed41-da > .kt-inside-inner-col{margin-top:0px;margin-bottom:0px;margin-right:0px;margin-left:0px;}<\/style>\n<div class=\"wp-block-kadence-column inner-column-1 kadence-column_71ed41-da\"><div class=\"kt-inside-inner-col\">\n<h2 class=\"has-text-align-center heading-effact center wp-block-heading\" id=\"next-section\">Contato<\/h2>\n\n\n<style id=\"kb-rowlayout_7cdd38-d3\">@media all and (min-width: 768px){#kt-layout-id_7cdd38-d3 > .kt-row-column-wrap > .inner-column-1{flex:0 1 50%;-webkit-flex:0 1 50%;}#kt-layout-id_7cdd38-d3 > .kt-row-column-wrap > .inner-column-2{flex:0 1 50%;-webkit-flex:0 1 50%;}}#kt-layout-id_7cdd38-d3 > .kt-row-column-wrap{padding-top:0px;}<\/style>\n<div class=\"wp-block-kadence-rowlayout alignnone\"><div id=\"kt-layout-id_7cdd38-d3\" class=\"kt-row-layout-inner kt-layout-id_7cdd38-d3\"><div class=\"kt-row-column-wrap kt-has-2-columns kt-gutter-default kt-v-gutter-default kt-row-valign-top kt-row-layout-equal kt-tab-layout-inherit kt-m-colapse-left-to-right kt-mobile-layout-row  kt-custom-first-width-50  kt-custom-second-width-50\"><style id=\"kb-column_be5c78-8e\">.kadence-column_be5c78-8e > .kt-inside-inner-col{padding-top:40px;padding-left:120px;}.kadence-column_be5c78-8e > .kt-inside-inner-col{justify-content:flex-start;flex-direction:column;display:flex;}.kadence-column_be5c78-8e > .kt-inside-inner-col > .aligncenter{width:100%;}.kt-row-column-wrap > .kadence-column_be5c78-8e{align-self:flex-start;}.kt-inner-column-height-full:not(.kt-has-1-columns) > .wp-block-kadence-column.kadence-column_be5c78-8e{align-self:auto;}.kt-inner-column-height-full:not(.kt-has-1-columns) > .wp-block-kadence-column.kadence-column_be5c78-8e > .kt-inside-inner-col{display:flex;flex-direction:column;justify-content:flex-start;}<\/style>\n<div class=\"wp-block-kadence-column inner-column-1 kadence-column_be5c78-8e left-side\"><div class=\"kt-inside-inner-col\"><style id=\"kt-blocks_c2cf2a-e7\">.wp-block-kadence-iconlist.kt-svg-icon-list-items_c2cf2a-e7:not(.this-stops-third-party-issues) {margin-top:0}.wp-block-kadence-iconlist.kt-svg-icon-list-items_c2cf2a-e7 ul.kt-svg-icon-list {margin:0px 0px 65px 0px;}.wp-block-kadence-iconlist.kt-svg-icon-list-items_c2cf2a-e7 ul.kt-svg-icon-list .kt-svg-icon-list-item-wrap .kt-svg-icon-list-single {margin-right:24px;}.kt-svg-icon-list-items_c2cf2a-e7 ul.kt-svg-icon-list .kt-svg-icon-list-item-wrap, .kt-svg-icon-list-items_c2cf2a-e7 ul.kt-svg-icon-list .kt-svg-icon-list-item-wrap a {color:#000000;font-weight:400;}<\/style>\n<div class=\"wp-block-kadence-iconlist kt-svg-icon-list-items kt-svg-icon-list-items_c2cf2a-e7 kt-svg-icon-list-columns-1 alignnone kt-list-icon-aligntop left-side\"><ul class=\"kt-svg-icon-list\"><li class=\"kt-svg-icon-list-style-default kt-svg-icon-list-item-wrap kt-svg-icon-list-item-0 kt-svg-icon-list-level-0\"><div style=\"display:inline-flex;justify-content:center;align-items:center;color:#ffffff\" class=\"kt-svg-icon-list-single kt-svg-icon-list-single-fas_map-marker-alt\"><svg style=\"display:inline-block;vertical-align:middle\" viewBox=\"0 0 384 512\" height=\"25\" width=\"25\" fill=\"currentColor\" xmlns=\"http:\/\/www.w3.org\/2000\/svg\" aria-hidden=\"true\"><path d=\"M172.268 501.67C26.97 291.031 0 269.413 0 192 0 85.961 85.961 0 192 0s192 85.961 192 192c0 77.413-26.97 99.031-172.268 309.67-9.535 13.774-29.93 13.773-39.464 0zM192 272c44.183 0 80-35.817 80-80s-35.817-80-80-80-80 35.817-80 80 35.817 80 80 80z\"><\/path><\/svg><\/div><span class=\"kt-svg-icon-list-text\">Calle Misiones, 15<br>Complejo Industrial El Sebadal<br>Las Palmas de Gran Canaria<\/span><\/li><\/ul><\/div>\n\n\n<style id=\"kt-blocks_a98caf-13\">.wp-block-kadence-iconlist.kt-svg-icon-list-items_a98caf-13:not(.this-stops-third-party-issues) {margin-top:0}.wp-block-kadence-iconlist.kt-svg-icon-list-items_a98caf-13 ul.kt-svg-icon-list {margin:0px 0px 65px 0px;}.wp-block-kadence-iconlist.kt-svg-icon-list-items_a98caf-13 ul.kt-svg-icon-list .kt-svg-icon-list-item-wrap .kt-svg-icon-list-single {margin-right:24px;}.kt-svg-icon-list-items_a98caf-13 ul.kt-svg-icon-list .kt-svg-icon-list-item-wrap, .kt-svg-icon-list-items_a98caf-13 ul.kt-svg-icon-list .kt-svg-icon-list-item-wrap a {color:#000000;font-weight:400;}<\/style>\n<div class=\"wp-block-kadence-iconlist kt-svg-icon-list-items kt-svg-icon-list-items_a98caf-13 kt-svg-icon-list-columns-1 alignnone left-side\"><ul class=\"kt-svg-icon-list\"><li class=\"kt-svg-icon-list-style-default kt-svg-icon-list-item-wrap kt-svg-icon-list-item-0 kt-svg-icon-list-level-0\"><a href=\"tel:+34%20928%20470%20075\" class=\"kt-svg-icon-link\"><div style=\"display:inline-flex;justify-content:center;align-items:center;color:#ffffff\" class=\"kt-svg-icon-list-single kt-svg-icon-list-single-fas_phone\"><svg style=\"display:inline-block;vertical-align:middle\" viewbox=\"0 0 512 512\" height=\"25\" width=\"25\" fill=\"currentColor\" xmlns=\"http:\/\/www.w3.org\/2000\/svg\" aria-hidden=\"true\"><path d=\"M493.4 24.6l-104-24c-11.3-2.6-22.9 3.3-27.5 13.9l-48 112c-4.2 9.8-1.4 21.3 6.9 28l60.6 49.6c-36 76.7-98.9 140.5-177.2 177.2l-49.6-60.6c-6.8-8.3-18.2-11.1-28-6.9l-112 48C3.9 366.5-2 378.1.6 389.4l24 104C27.1 504.2 36.7 512 48 512c256.1 0 464-207.5 464-464 0-11.2-7.7-20.9-18.6-23.4z\"><\/path><\/svg><\/div><span class=\"kt-svg-icon-list-text\">+34 928 470 075<\/span><\/a><\/li><\/ul><\/div>\n\n\n<style id=\"kt-blocks_61a505-94\">.wp-block-kadence-iconlist.kt-svg-icon-list-items_61a505-94:not(.this-stops-third-party-issues) {margin-top:0}.wp-block-kadence-iconlist.kt-svg-icon-list-items_61a505-94 ul.kt-svg-icon-list {margin:0px 0px 0px 0px;}.wp-block-kadence-iconlist.kt-svg-icon-list-items_61a505-94 ul.kt-svg-icon-list .kt-svg-icon-list-item-wrap .kt-svg-icon-list-single {margin-right:24px;}.kt-svg-icon-list-items_61a505-94 ul.kt-svg-icon-list .kt-svg-icon-list-item-wrap, .kt-svg-icon-list-items_61a505-94 ul.kt-svg-icon-list .kt-svg-icon-list-item-wrap a {color:#000000;font-weight:400;}<\/style>\n<div class=\"wp-block-kadence-iconlist kt-svg-icon-list-items kt-svg-icon-list-items_61a505-94 kt-svg-icon-list-columns-1 alignnone left-side\"><ul class=\"kt-svg-icon-list\"><li class=\"kt-svg-icon-list-style-default kt-svg-icon-list-item-wrap kt-svg-icon-list-item-0 kt-svg-icon-list-level-0\"><a href=\"mailto:info@casahiralal.com\" class=\"kt-svg-icon-link\"><div style=\"display:inline-flex;justify-content:center;align-items:center;color:#ffffff\" class=\"kt-svg-icon-list-single kt-svg-icon-list-single-fas_envelope\"><svg style=\"display:inline-block;vertical-align:middle\" viewBox=\"0 0 512 512\" height=\"25\" width=\"25\" fill=\"currentColor\" xmlns=\"http:\/\/www.w3.org\/2000\/svg\" aria-hidden=\"true\"><path d=\"M502.3 190.8c3.9-3.1 9.7-.2 9.7 4.7V400c0 26.5-21.5 48-48 48H48c-26.5 0-48-21.5-48-48V195.6c0-5 5.7-7.8 9.7-4.7 22.4 17.4 52.1 39.5 154.1 113.6 21.1 15.4 56.7 47.8 92.2 47.6 35.7.3 72-32.8 92.3-47.6 102-74.1 131.6-96.3 154-113.7zM256 320c23.2.4 56.6-29.2 73.4-41.4 132.7-96.3 142.8-104.7 173.4-128.7 5.8-4.5 9.2-11.5 9.2-18.9v-19c0-26.5-21.5-48-48-48H48C21.5 64 0 85.5 0 112v19c0 7.4 3.4 14.3 9.2 18.9 30.6 23.9 40.7 32.4 173.4 128.7 16.8 12.2 50.2 41.8 73.4 41.4z\"><\/path><\/svg><\/div><span class=\"kt-svg-icon-list-text\">info@casahiralal.com<\/span><\/a><\/li><\/ul><\/div>\n<\/div><\/div>\n\n\n\n<div class=\"wp-block-kadence-column inner-column-2 kadence-column_a4b8c8-a4\"><div class=\"kt-inside-inner-col\"><style id=\"kb-form_ded205-e2\">.kadence-form-_ded205-e2 .kb-form .kadence-blocks-form-field .kb-forms-submit {}.kadence-form-_ded205-e2 .kb-form .kadence-blocks-form-field .kb-forms-submit:hover, .kadence-form-_ded205-e2 .kb-form .kadence-blocks-form-field .kb-forms-submit:focus  {}<\/style>\n<div class=\"wp-block-kadence-form kadence-form-_ded205-e2 kb-form-wrap right-side\"><form class=\"kb-form\" action=\"\" method=\"post\"><div class=\"kadence-blocks-form-field kb-field-desk-width-50 kb-input-size-standard\"><label for=\"kb_field__ded205-e2_0\">Nome\/sobrenome<\/label><input name=\"kb_field_0\" id=\"kb_field__ded205-e2_0\" data-label=\"Nome\/sobrenome\" type=\"text\" placeholder=\"Nome\/sobrenome\" value=\"\" data-type=\"text\" class=\"kb-field kb-text-style-field kb-text-field kb-field-0\"\/><\/div><div class=\"kadence-blocks-form-field kb-form-field-1 kb-field-desk-width-50 kb-input-size-standard\"><label for=\"kb_field__ded205-e2_1\">N\u00famero de telefone<\/label><input name=\"kb_field_1\" id=\"kb_field__ded205-e2_1\" data-label=\"N\u00famero de telefone\" type=\"tel\" placeholder=\"N\u00famero de telefone\" value=\"\" data-type=\"tel\" class=\"kb-field kb-text-style-field kb-tel-field kb-field-1\"\/><\/div><div class=\"kadence-blocks-form-field kb-form-field-2 kb-field-desk-width-50 kb-input-size-standard\"><label for=\"kb_field__ded205-e2_2\">Cidade<\/label><input name=\"kb_field_2\" id=\"kb_field__ded205-e2_2\" data-label=\"Cidade\" type=\"text\" placeholder=\"digite sua cidade\" value=\"\" data-type=\"text\" class=\"kb-field kb-text-style-field kb-text-field kb-field-2\"\/><\/div><div class=\"kadence-blocks-form-field kb-form-field-3 kb-field-desk-width-50 kb-input-size-standard\"><label for=\"kb_field__ded205-e2_3\">Correio eletr\u00f4nico<\/label><input name=\"kb_field_3\" id=\"kb_field__ded205-e2_3\" data-label=\"Correio eletr\u00f4nico\" type=\"email\" placeholder=\"Digite seu e-mail\" value=\"\" data-type=\"email\" class=\"kb-field kb-text-style-field kb-email-field kb-field-3\"\/><\/div><div class=\"kadence-blocks-form-field kb-form-field-4 kb-field-desk-width-100 kb-input-size-standard\"><label for=\"kb_field__ded205-e2_4\">Coment\u00e1rios<\/label><textarea name=\"kb_field_4\" id=\"kb_field__ded205-e2_4\" data-label=\"Coment\u00e1rios\" type=\"textarea\" placeholder=\"Digite seu coment\u00e1rio\" data-type=\"textarea\" class=\"kb-field kb-text-style-field kb-textarea-field kb-field-4\" rows=\"4\"><\/textarea><\/div><input type=\"hidden\" name=\"_kb_form_id\" value=\"_ded205-e2\"\/><input type=\"hidden\" name=\"_kb_form_post_id\" value=\"1544\"\/><input type=\"hidden\" name=\"action\" value=\"kb_process_ajax_submit\"\/><div class=\"kadence-blocks-form-field google-recaptcha-checkout-wrap\"><p id=\"kb-container-g-recaptcha\" class=\"google-recaptcha-container\"><span id=\"kb_recaptcha__ded205-e2\" class=\"kadence-blocks-g-recaptcha-v2 g-recaptcha kb_recaptcha__ded205-e2\" style=\"display:inline-block\"><\/span><\/p><\/div><input class=\"kadence-blocks-field verify\" type=\"text\" name=\"_kb_verify_email\" autocomplete=\"off\" aria-hidden=\"true\" placeholder=\"Email\" tabindex=\"-1\"\/><div class=\"kadence-blocks-form-field kb-submit-field kb-field-desk-width-100\"><button class=\"kb-forms-submit button kb-button-size-standard kb-button-width-auto\">Mandar<\/button><\/div><\/form><\/div>\n<\/div><\/div>\n<\/div><\/div><\/div>\n<\/div><\/div>\n<\/div><\/div><\/div>\n","protected":false},"excerpt":{"rendered":"<p>Bem-vindo \u00e0 nossa casa &#8220;Venha nos visitar ou entre em contato conosco,N\u00f3s temos muito para oferecer&#8221; Nossa sede principal est\u00e1 localizada na Calle Misiones, 15 no complexo industrial Sebadal na cidade de Las Palmas de Gran Canaria. Temos mais de 5000m2 de espa\u00e7o para atend\u00ea-lo com tudo que voc\u00ea precisa. Para qualquer quest\u00e3o, n\u00e3o hesite &hellip;<\/p>\n<p class=\"read-more\"> <a class=\"\" href=\"https:\/\/www.casahiralal.com\/pt-pt\/contacto\/\"> <span class=\"screen-reader-text\">Contato<\/span> Read More &raquo;<\/a><\/p>\n","protected":false},"author":1,"featured_media":0,"parent":0,"menu_order":0,"comment_status":"closed","ping_status":"closed","template":"","meta":{"inline_featured_image":false,"site-sidebar-layout":"default","site-content-layout":"default","ast-global-header-display":"","ast-main-header-display":"","ast-hfb-above-header-display":"","ast-hfb-below-header-display":"","ast-hfb-mobile-header-display":"","site-post-title":"disabled","ast-breadcrumbs-content":"","ast-featured-img":"","footer-sml-layout":"","theme-transparent-header-meta":"","adv-header-id-meta":"","stick-header-meta":"","header-above-stick-meta":"","header-main-stick-meta":"","header-below-stick-meta":"","footnotes":""},"class_list":["post-1544","page","type-page","status-publish","hentry"],"yoast_head":"<!-- This site is optimized with the Yoast SEO plugin v19.9 - https:\/\/yoast.com\/wordpress\/plugins\/seo\/ -->\n<title>Contato - Casa Hiralal<\/title>\n<meta name=\"robots\" content=\"index, follow, max-snippet:-1, max-image-preview:large, max-video-preview:-1\" \/>\n<link rel=\"canonical\" href=\"https:\/\/www.casahiralal.com\/pt-pt\/contacto\/\" \/>\n<meta property=\"og:locale\" content=\"pt_PT\" \/>\n<meta property=\"og:type\" content=\"article\" \/>\n<meta property=\"og:title\" content=\"Contato - Casa Hiralal\" \/>\n<meta property=\"og:description\" content=\"Bem-vindo \u00e0 nossa casa &#8220;Venha nos visitar ou entre em contato conosco,N\u00f3s temos muito para oferecer&#8221; Nossa sede principal est\u00e1 localizada na Calle Misiones, 15 no complexo industrial Sebadal na cidade de Las Palmas de Gran Canaria. Temos mais de 5000m2 de espa\u00e7o para atend\u00ea-lo com tudo que voc\u00ea precisa. Para qualquer quest\u00e3o, n\u00e3o hesite &hellip; Contato Read More &raquo;\" \/>\n<meta property=\"og:url\" content=\"https:\/\/www.casahiralal.com\/pt-pt\/contacto\/\" \/>\n<meta property=\"og:site_name\" content=\"Casa Hiralal\" \/>\n<meta property=\"article:modified_time\" content=\"2022-08-31T10:24:05+00:00\" \/>\n<meta name=\"twitter:card\" content=\"summary_large_image\" \/>\n<meta name=\"twitter:label1\" content=\"Tempo estimado de leitura\" \/>\n\t<meta name=\"twitter:data1\" content=\"1 minuto\" \/>\n<script type=\"application\/ld+json\" class=\"yoast-schema-graph\">{\"@context\":\"https:\/\/schema.org\",\"@graph\":[{\"@type\":\"WebPage\",\"@id\":\"https:\/\/www.casahiralal.com\/pt-pt\/contacto\/\",\"url\":\"https:\/\/www.casahiralal.com\/pt-pt\/contacto\/\",\"name\":\"Contato - Casa Hiralal\",\"isPartOf\":{\"@id\":\"https:\/\/www.casahiralal.com\/#website\"},\"datePublished\":\"2022-07-29T06:30:20+00:00\",\"dateModified\":\"2022-08-31T10:24:05+00:00\",\"breadcrumb\":{\"@id\":\"https:\/\/www.casahiralal.com\/pt-pt\/contacto\/#breadcrumb\"},\"inLanguage\":\"pt-PT\",\"potentialAction\":[{\"@type\":\"ReadAction\",\"target\":[\"https:\/\/www.casahiralal.com\/pt-pt\/contacto\/\"]}]},{\"@type\":\"BreadcrumbList\",\"@id\":\"https:\/\/www.casahiralal.com\/pt-pt\/contacto\/#breadcrumb\",\"itemListElement\":[{\"@type\":\"ListItem\",\"position\":1,\"name\":\"Home\",\"item\":\"https:\/\/www.casahiralal.com\/pt-pt\/\"},{\"@type\":\"ListItem\",\"position\":2,\"name\":\"Contato\"}]},{\"@type\":\"WebSite\",\"@id\":\"https:\/\/www.casahiralal.com\/#website\",\"url\":\"https:\/\/www.casahiralal.com\/\",\"name\":\"Casa Hiralal\",\"description\":\"casahiralal\",\"publisher\":{\"@id\":\"https:\/\/www.casahiralal.com\/#organization\"},\"potentialAction\":[{\"@type\":\"SearchAction\",\"target\":{\"@type\":\"EntryPoint\",\"urlTemplate\":\"https:\/\/www.casahiralal.com\/?s={search_term_string}\"},\"query-input\":\"required name=search_term_string\"}],\"inLanguage\":\"pt-PT\"},{\"@type\":\"Organization\",\"@id\":\"https:\/\/www.casahiralal.com\/#organization\",\"name\":\"Casa Hiralal\",\"url\":\"https:\/\/www.casahiralal.com\/\",\"logo\":{\"@type\":\"ImageObject\",\"inLanguage\":\"pt-PT\",\"@id\":\"https:\/\/www.casahiralal.com\/#\/schema\/logo\/image\/\",\"url\":\"https:\/\/www.casahiralal.com\/wp-content\/uploads\/2022\/07\/cropped-logo.png\",\"contentUrl\":\"https:\/\/www.casahiralal.com\/wp-content\/uploads\/2022\/07\/cropped-logo.png\",\"width\":215,\"height\":83,\"caption\":\"Casa Hiralal\"},\"image\":{\"@id\":\"https:\/\/www.casahiralal.com\/#\/schema\/logo\/image\/\"}}]}<\/script>\n<!-- \/ Yoast SEO plugin. -->","yoast_head_json":{"title":"Contato - Casa Hiralal","robots":{"index":"index","follow":"follow","max-snippet":"max-snippet:-1","max-image-preview":"max-image-preview:large","max-video-preview":"max-video-preview:-1"},"canonical":"https:\/\/www.casahiralal.com\/pt-pt\/contacto\/","og_locale":"pt_PT","og_type":"article","og_title":"Contato - Casa Hiralal","og_description":"Bem-vindo \u00e0 nossa casa &#8220;Venha nos visitar ou entre em contato conosco,N\u00f3s temos muito para oferecer&#8221; Nossa sede principal est\u00e1 localizada na Calle Misiones, 15 no complexo industrial Sebadal na cidade de Las Palmas de Gran Canaria. Temos mais de 5000m2 de espa\u00e7o para atend\u00ea-lo com tudo que voc\u00ea precisa. Para qualquer quest\u00e3o, n\u00e3o hesite &hellip; Contato Read More &raquo;","og_url":"https:\/\/www.casahiralal.com\/pt-pt\/contacto\/","og_site_name":"Casa Hiralal","article_modified_time":"2022-08-31T10:24:05+00:00","twitter_card":"summary_large_image","twitter_misc":{"Tempo estimado de leitura":"1 minuto"},"schema":{"@context":"https:\/\/schema.org","@graph":[{"@type":"WebPage","@id":"https:\/\/www.casahiralal.com\/pt-pt\/contacto\/","url":"https:\/\/www.casahiralal.com\/pt-pt\/contacto\/","name":"Contato - Casa Hiralal","isPartOf":{"@id":"https:\/\/www.casahiralal.com\/#website"},"datePublished":"2022-07-29T06:30:20+00:00","dateModified":"2022-08-31T10:24:05+00:00","breadcrumb":{"@id":"https:\/\/www.casahiralal.com\/pt-pt\/contacto\/#breadcrumb"},"inLanguage":"pt-PT","potentialAction":[{"@type":"ReadAction","target":["https:\/\/www.casahiralal.com\/pt-pt\/contacto\/"]}]},{"@type":"BreadcrumbList","@id":"https:\/\/www.casahiralal.com\/pt-pt\/contacto\/#breadcrumb","itemListElement":[{"@type":"ListItem","position":1,"name":"Home","item":"https:\/\/www.casahiralal.com\/pt-pt\/"},{"@type":"ListItem","position":2,"name":"Contato"}]},{"@type":"WebSite","@id":"https:\/\/www.casahiralal.com\/#website","url":"https:\/\/www.casahiralal.com\/","name":"Casa Hiralal","description":"casahiralal","publisher":{"@id":"https:\/\/www.casahiralal.com\/#organization"},"potentialAction":[{"@type":"SearchAction","target":{"@type":"EntryPoint","urlTemplate":"https:\/\/www.casahiralal.com\/?s={search_term_string}"},"query-input":"required name=search_term_string"}],"inLanguage":"pt-PT"},{"@type":"Organization","@id":"https:\/\/www.casahiralal.com\/#organization","name":"Casa Hiralal","url":"https:\/\/www.casahiralal.com\/","logo":{"@type":"ImageObject","inLanguage":"pt-PT","@id":"https:\/\/www.casahiralal.com\/#\/schema\/logo\/image\/","url":"https:\/\/www.casahiralal.com\/wp-content\/uploads\/2022\/07\/cropped-logo.png","contentUrl":"https:\/\/www.casahiralal.com\/wp-content\/uploads\/2022\/07\/cropped-logo.png","width":215,"height":83,"caption":"Casa Hiralal"},"image":{"@id":"https:\/\/www.casahiralal.com\/#\/schema\/logo\/image\/"}}]}},"uagb_featured_image_src":{"full":false,"thumbnail":false,"medium":false,"medium_large":false,"large":false,"wpl-wcs-cat-img":false,"wpl-wcs-cat-img-two":false,"1536x1536":false,"2048x2048":false,"woocommerce_thumbnail":false,"woocommerce_single":false,"woocommerce_gallery_thumbnail":false},"uagb_author_info":{"display_name":"casahiralal","author_link":"https:\/\/www.casahiralal.com\/pt-pt\/author\/casahiralal\/"},"uagb_comment_info":0,"uagb_excerpt":"Bem-vindo \u00e0 nossa casa &#8220;Venha nos visitar ou entre em contato conosco,N\u00f3s temos muito para oferecer&#8221; Nossa sede principal est\u00e1 localizada na Calle Misiones, 15 no complexo industrial Sebadal na cidade de Las Palmas de Gran Canaria. Temos mais de 5000m2 de espa\u00e7o para atend\u00ea-lo com tudo que voc\u00ea precisa. Para qualquer quest\u00e3o, n\u00e3o hesite&hellip;","_links":{"self":[{"href":"https:\/\/www.casahiralal.com\/pt-pt\/wp-json\/wp\/v2\/pages\/1544","targetHints":{"allow":["GET"]}}],"collection":[{"href":"https:\/\/www.casahiralal.com\/pt-pt\/wp-json\/wp\/v2\/pages"}],"about":[{"href":"https:\/\/www.casahiralal.com\/pt-pt\/wp-json\/wp\/v2\/types\/page"}],"author":[{"embeddable":true,"href":"https:\/\/www.casahiralal.com\/pt-pt\/wp-json\/wp\/v2\/users\/1"}],"replies":[{"embeddable":true,"href":"https:\/\/www.casahiralal.com\/pt-pt\/wp-json\/wp\/v2\/comments?post=1544"}],"version-history":[{"count":11,"href":"https:\/\/www.casahiralal.com\/pt-pt\/wp-json\/wp\/v2\/pages\/1544\/revisions"}],"predecessor-version":[{"id":1728,"href":"https:\/\/www.casahiralal.com\/pt-pt\/wp-json\/wp\/v2\/pages\/1544\/revisions\/1728"}],"wp:attachment":[{"href":"https:\/\/www.casahiralal.com\/pt-pt\/wp-json\/wp\/v2\/media?parent=1544"}],"curies":[{"name":"wp","href":"https:\/\/api.w.org\/{rel}","templated":true}]}}